{"id":18,"date":"2021-08-26T12:13:00","date_gmt":"2021-08-26T09:13:00","guid":{"rendered":"http:\/\/dummy.xtemos.com\/woodmart2\/elementor\/?page_id=18"},"modified":"2024-03-27T22:48:31","modified_gmt":"2024-03-27T19:48:31","slug":"%d8%a7%d9%84%d8%b1%d8%a6%d9%8a%d8%b3%d9%8a%d8%a9","status":"publish","type":"page","link":"https:\/\/eternite.illusionkw.com\/en\/","title":{"rendered":"Home"},"content":{"rendered":"<div data-elementor-type=\"wp-page\" data-elementor-id=\"18\" class=\"elementor elementor-18\">\n\t\t\t\t\t\t\t\t\t<section class=\"elementor-section elementor-top-section elementor-element elementor-element-ac960b5 elementor-reverse-mobile elementor-section-boxed elementor-section-height-default elementor-section-height-default wd-section-disabled\" data-id=\"ac960b5\" data-element_type=\"section\">\n\t\t\t\t\t\t<div class=\"elementor-container elementor-column-gap-no\">\n\t\t\t\t\t<div class=\"elementor-column elementor-col-50 elementor-top-column elementor-element elementor-element-6b35b7e\" data-id=\"6b35b7e\" data-element_type=\"column\">\n\t\t\t<div class=\"elementor-widget-wrap elementor-element-populated\">\n\t\t\t\t\t\t\t\t<div class=\"elementor-element elementor-element-385cf9f elementor-hidden-mobile elementor-widget elementor-widget-image\" data-id=\"385cf9f\" data-element_type=\"widget\" data-widget_type=\"image.default\">\n\t\t\t\t<div class=\"elementor-widget-container\">\n\t\t\t<style>\/*! elementor - v3.15.0 - 20-08-2023 *\/\n.elementor-widget-image{text-align:center}.elementor-widget-image a{display:inline-block}.elementor-widget-image a img[src$=\".svg\"]{width:48px}.elementor-widget-image img{vertical-align:middle;display:inline-block}<\/style>\t\t\t\t\t\t\t\t\t\t\t\t<img loading=\"lazy\" decoding=\"async\" width=\"320\" height=\"320\" src=\"https:\/\/eternite.illusionkw.com\/wp-content\/uploads\/2024\/03\/332946612_952772062581587_2534413734440303004_n.jpg\" class=\"attachment-large size-large wp-image-12526\" alt=\"\" srcset=\"https:\/\/eternite.illusionkw.com\/wp-content\/uploads\/2024\/03\/332946612_952772062581587_2534413734440303004_n.jpg 320w, https:\/\/eternite.illusionkw.com\/wp-content\/uploads\/2024\/03\/332946612_952772062581587_2534413734440303004_n-300x300.jpg 300w, https:\/\/eternite.illusionkw.com\/wp-content\/uploads\/2024\/03\/332946612_952772062581587_2534413734440303004_n-150x150.jpg 150w, https:\/\/eternite.illusionkw.com\/wp-content\/uploads\/2024\/03\/332946612_952772062581587_2534413734440303004_n-12x12.jpg 12w\" sizes=\"(max-width: 320px) 100vw, 320px\" \/>\t\t\t\t\t\t\t\t\t\t\t\t\t\t\t<\/div>\n\t\t\t\t<\/div>\n\t\t\t\t<div class=\"elementor-element elementor-element-075c648 elementor-hidden-mobile elementor-widget elementor-widget-heading\" data-id=\"075c648\" data-element_type=\"widget\" data-widget_type=\"heading.default\">\n\t\t\t\t<div class=\"elementor-widget-container\">\n\t\t\t<style>\/*! elementor - v3.15.0 - 20-08-2023 *\/\n.elementor-heading-title{padding:0;margin:0;line-height:1}.elementor-widget-heading .elementor-heading-title[class*=elementor-size-]>a{color:inherit;font-size:inherit;line-height:inherit}.elementor-widget-heading .elementor-heading-title.elementor-size-small{font-size:15px}.elementor-widget-heading .elementor-heading-title.elementor-size-medium{font-size:19px}.elementor-widget-heading .elementor-heading-title.elementor-size-large{font-size:29px}.elementor-widget-heading .elementor-heading-title.elementor-size-xl{font-size:39px}.elementor-widget-heading .elementor-heading-title.elementor-size-xxl{font-size:59px}<\/style><h2 class=\"elementor-heading-title elementor-size-default\">\u00c9ternit\u00e9<\/h2>\t\t<\/div>\n\t\t\t\t<\/div>\n\t\t\t\t<div class=\"elementor-element elementor-element-75f7115 elementor-hidden-mobile color-scheme-inherit text-left elementor-widget elementor-widget-text-editor\" data-id=\"75f7115\" data-element_type=\"widget\" data-widget_type=\"text-editor.default\">\n\t\t\t\t<div class=\"elementor-widget-container\">\n\t\t\t<style>\/*! elementor - v3.15.0 - 20-08-2023 *\/\n.elementor-widget-text-editor.elementor-drop-cap-view-stacked .elementor-drop-cap{background-color:#69727d;color:#fff}.elementor-widget-text-editor.elementor-drop-cap-view-framed .elementor-drop-cap{color:#69727d;border:3px solid;background-color:transparent}.elementor-widget-text-editor:not(.elementor-drop-cap-view-default) .elementor-drop-cap{margin-top:8px}.elementor-widget-text-editor:not(.elementor-drop-cap-view-default) .elementor-drop-cap-letter{width:1em;height:1em}.elementor-widget-text-editor .elementor-drop-cap{float:right;text-align:center;line-height:1;font-size:50px}.elementor-widget-text-editor .elementor-drop-cap-letter{display:inline-block}<\/style>\t\t\t\tRestaurant\t\t\t\t\t\t<\/div>\n\t\t\t\t<\/div>\n\t\t\t\t<div class=\"elementor-element elementor-element-45d8294 elementor-widget__width-auto elementor-hidden-mobile elementor-widget elementor-widget-image\" data-id=\"45d8294\" data-element_type=\"widget\" data-widget_type=\"image.default\">\n\t\t\t\t<div class=\"elementor-widget-container\">\n\t\t\t\t\t\t\t\t\t\t\t\t\t\t\t<img loading=\"lazy\" decoding=\"async\" width=\"1180\" height=\"150\" src=\"https:\/\/eternite.illusionkw.com\/wp-content\/uploads\/2024\/03\/b545e85a-d950-469c-bda2-1d7237bbf72c__1_-removebg-preview-1-1-1-1-2.png\" class=\"attachment-large size-large wp-image-12415\" alt=\"\" srcset=\"https:\/\/eternite.illusionkw.com\/wp-content\/uploads\/2024\/03\/b545e85a-d950-469c-bda2-1d7237bbf72c__1_-removebg-preview-1-1-1-1-2.png 1180w, https:\/\/eternite.illusionkw.com\/wp-content\/uploads\/2024\/03\/b545e85a-d950-469c-bda2-1d7237bbf72c__1_-removebg-preview-1-1-1-1-2-400x51.png 400w, https:\/\/eternite.illusionkw.com\/wp-content\/uploads\/2024\/03\/b545e85a-d950-469c-bda2-1d7237bbf72c__1_-removebg-preview-1-1-1-1-2-768x98.png 768w, https:\/\/eternite.illusionkw.com\/wp-content\/uploads\/2024\/03\/b545e85a-d950-469c-bda2-1d7237bbf72c__1_-removebg-preview-1-1-1-1-2-18x2.png 18w, https:\/\/eternite.illusionkw.com\/wp-content\/uploads\/2024\/03\/b545e85a-d950-469c-bda2-1d7237bbf72c__1_-removebg-preview-1-1-1-1-2-860x109.png 860w, https:\/\/eternite.illusionkw.com\/wp-content\/uploads\/2024\/03\/b545e85a-d950-469c-bda2-1d7237bbf72c__1_-removebg-preview-1-1-1-1-2-430x55.png 430w, https:\/\/eternite.illusionkw.com\/wp-content\/uploads\/2024\/03\/b545e85a-d950-469c-bda2-1d7237bbf72c__1_-removebg-preview-1-1-1-1-2-700x89.png 700w, https:\/\/eternite.illusionkw.com\/wp-content\/uploads\/2024\/03\/b545e85a-d950-469c-bda2-1d7237bbf72c__1_-removebg-preview-1-1-1-1-2-150x19.png 150w\" sizes=\"(max-width: 1180px) 100vw, 1180px\" \/>\t\t\t\t\t\t\t\t\t\t\t\t\t\t\t<\/div>\n\t\t\t\t<\/div>\n\t\t\t\t<section class=\"elementor-section elementor-inner-section elementor-element elementor-element-b024286 elementor-section-full_width elementor-hidden-desktop elementor-hidden-tablet elementor-section-height-default elementor-section-height-default wd-section-disabled\" data-id=\"b024286\" data-element_type=\"section\">\n\t\t\t\t\t\t<div class=\"elementor-container elementor-column-gap-default\">\n\t\t\t\t\t<div class=\"elementor-column elementor-col-50 elementor-inner-column elementor-element elementor-element-bfcdd71\" data-id=\"bfcdd71\" data-element_type=\"column\">\n\t\t\t<div class=\"elementor-widget-wrap elementor-element-populated\">\n\t\t\t\t\t\t\t\t<div class=\"elementor-element elementor-element-c48d639 elementor-widget elementor-widget-image\" data-id=\"c48d639\" data-element_type=\"widget\" data-widget_type=\"image.default\">\n\t\t\t\t<div class=\"elementor-widget-container\">\n\t\t\t\t\t\t\t\t\t\t\t\t\t\t\t<img loading=\"lazy\" decoding=\"async\" width=\"320\" height=\"320\" src=\"https:\/\/eternite.illusionkw.com\/wp-content\/uploads\/2024\/03\/332946612_952772062581587_2534413734440303004_n.jpg\" class=\"attachment-full size-full wp-image-12526\" alt=\"\" srcset=\"https:\/\/eternite.illusionkw.com\/wp-content\/uploads\/2024\/03\/332946612_952772062581587_2534413734440303004_n.jpg 320w, https:\/\/eternite.illusionkw.com\/wp-content\/uploads\/2024\/03\/332946612_952772062581587_2534413734440303004_n-300x300.jpg 300w, https:\/\/eternite.illusionkw.com\/wp-content\/uploads\/2024\/03\/332946612_952772062581587_2534413734440303004_n-150x150.jpg 150w, https:\/\/eternite.illusionkw.com\/wp-content\/uploads\/2024\/03\/332946612_952772062581587_2534413734440303004_n-12x12.jpg 12w\" sizes=\"(max-width: 320px) 100vw, 320px\" \/>\t\t\t\t\t\t\t\t\t\t\t\t\t\t\t<\/div>\n\t\t\t\t<\/div>\n\t\t\t\t\t<\/div>\n\t\t<\/div>\n\t\t\t\t<div class=\"elementor-column elementor-col-50 elementor-inner-column elementor-element elementor-element-81e865f\" data-id=\"81e865f\" data-element_type=\"column\">\n\t\t\t<div class=\"elementor-widget-wrap elementor-element-populated\">\n\t\t\t\t\t\t\t\t<div class=\"elementor-element elementor-element-a485e3c elementor-widget elementor-widget-heading\" data-id=\"a485e3c\" data-element_type=\"widget\" data-widget_type=\"heading.default\">\n\t\t\t\t<div class=\"elementor-widget-container\">\n\t\t\t<h2 class=\"elementor-heading-title elementor-size-default\">\u00c9ternit\u00e9<\/h2>\t\t<\/div>\n\t\t\t\t<\/div>\n\t\t\t\t<div class=\"elementor-element elementor-element-8c0d896 color-scheme-inherit text-left elementor-widget elementor-widget-text-editor\" data-id=\"8c0d896\" data-element_type=\"widget\" data-widget_type=\"text-editor.default\">\n\t\t\t\t<div class=\"elementor-widget-container\">\n\t\t\t\t\t\t\tRestaurant\t\t\t\t\t\t<\/div>\n\t\t\t\t<\/div>\n\t\t\t\t<div class=\"elementor-element elementor-element-8a9ca95 elementor-widget__width-auto elementor-widget elementor-widget-image\" data-id=\"8a9ca95\" data-element_type=\"widget\" data-widget_type=\"image.default\">\n\t\t\t\t<div class=\"elementor-widget-container\">\n\t\t\t\t\t\t\t\t\t\t\t\t\t\t\t<img loading=\"lazy\" decoding=\"async\" width=\"1180\" height=\"150\" src=\"https:\/\/eternite.illusionkw.com\/wp-content\/uploads\/2024\/03\/b545e85a-d950-469c-bda2-1d7237bbf72c__1_-removebg-preview-1-1-1-1-2.png\" class=\"attachment-large size-large wp-image-12415\" alt=\"\" srcset=\"https:\/\/eternite.illusionkw.com\/wp-content\/uploads\/2024\/03\/b545e85a-d950-469c-bda2-1d7237bbf72c__1_-removebg-preview-1-1-1-1-2.png 1180w, https:\/\/eternite.illusionkw.com\/wp-content\/uploads\/2024\/03\/b545e85a-d950-469c-bda2-1d7237bbf72c__1_-removebg-preview-1-1-1-1-2-400x51.png 400w, https:\/\/eternite.illusionkw.com\/wp-content\/uploads\/2024\/03\/b545e85a-d950-469c-bda2-1d7237bbf72c__1_-removebg-preview-1-1-1-1-2-768x98.png 768w, https:\/\/eternite.illusionkw.com\/wp-content\/uploads\/2024\/03\/b545e85a-d950-469c-bda2-1d7237bbf72c__1_-removebg-preview-1-1-1-1-2-18x2.png 18w, https:\/\/eternite.illusionkw.com\/wp-content\/uploads\/2024\/03\/b545e85a-d950-469c-bda2-1d7237bbf72c__1_-removebg-preview-1-1-1-1-2-860x109.png 860w, https:\/\/eternite.illusionkw.com\/wp-content\/uploads\/2024\/03\/b545e85a-d950-469c-bda2-1d7237bbf72c__1_-removebg-preview-1-1-1-1-2-430x55.png 430w, https:\/\/eternite.illusionkw.com\/wp-content\/uploads\/2024\/03\/b545e85a-d950-469c-bda2-1d7237bbf72c__1_-removebg-preview-1-1-1-1-2-700x89.png 700w, https:\/\/eternite.illusionkw.com\/wp-content\/uploads\/2024\/03\/b545e85a-d950-469c-bda2-1d7237bbf72c__1_-removebg-preview-1-1-1-1-2-150x19.png 150w\" sizes=\"(max-width: 1180px) 100vw, 1180px\" \/>\t\t\t\t\t\t\t\t\t\t\t\t\t\t\t<\/div>\n\t\t\t\t<\/div>\n\t\t\t\t\t<\/div>\n\t\t<\/div>\n\t\t\t\t\t\t\t<\/div>\n\t\t<\/section>\n\t\t\t\t\t<\/div>\n\t\t<\/div>\n\t\t\t\t<div class=\"elementor-column elementor-col-50 elementor-top-column elementor-element elementor-element-11a8394\" data-id=\"11a8394\" data-element_type=\"column\">\n\t\t\t<div class=\"elementor-widget-wrap elementor-element-populated\">\n\t\t\t\t\t\t\t\t<div class=\"elementor-element elementor-element-310466c elementor-arrows-position-inside elementor-widget elementor-widget-image-carousel\" data-id=\"310466c\" data-element_type=\"widget\" data-settings=\"{&quot;slides_to_show&quot;:&quot;1&quot;,&quot;navigation&quot;:&quot;arrows&quot;,&quot;pause_on_hover&quot;:&quot;no&quot;,&quot;pause_on_interaction&quot;:&quot;no&quot;,&quot;autoplay_speed&quot;:2500,&quot;autoplay&quot;:&quot;yes&quot;,&quot;infinite&quot;:&quot;yes&quot;,&quot;effect&quot;:&quot;slide&quot;,&quot;speed&quot;:500}\" data-widget_type=\"image-carousel.default\">\n\t\t\t\t<div class=\"elementor-widget-container\">\n\t\t\t<style>\/*! elementor - v3.15.0 - 20-08-2023 *\/\n.elementor-widget-image-carousel .swiper,.elementor-widget-image-carousel .swiper-container{position:static}.elementor-widget-image-carousel .swiper-container .swiper-slide figure,.elementor-widget-image-carousel .swiper .swiper-slide figure{line-height:inherit}.elementor-widget-image-carousel .swiper-slide{text-align:center}.elementor-image-carousel-wrapper:not(.swiper-container-initialized):not(.swiper-initialized) .swiper-slide{max-width:calc(100% \/ var(--e-image-carousel-slides-to-show, 3))}<\/style>\t\t<div class=\"elementor-image-carousel-wrapper swiper-container\" dir=\"ltr\">\n\t\t\t<div class=\"elementor-image-carousel swiper-wrapper\" aria-live=\"off\">\n\t\t\t\t\t\t\t\t<div class=\"swiper-slide\" role=\"group\" aria-roledescription=\"slide\" aria-label=\"1 of 1\"><figure class=\"swiper-slide-inner\"><img decoding=\"async\" class=\"swiper-slide-image\" src=\"https:\/\/eternite.illusionkw.com\/wp-content\/uploads\/2024\/03\/ef6c4601-a390-4b50-9400-81fd97e4325a.jpeg\" alt=\"ef6c4601-a390-4b50-9400-81fd97e4325a\" \/><\/figure><\/div>\t\t\t<\/div>\n\t\t\t\t\t<\/div>\n\t\t\t\t<\/div>\n\t\t\t\t<\/div>\n\t\t\t\t\t<\/div>\n\t\t<\/div>\n\t\t\t\t\t\t\t<\/div>\n\t\t<\/section>\n\t\t\t\t<section class=\"elementor-section elementor-top-section elementor-element elementor-element-1545b64 elementor-section-boxed elementor-section-height-default elementor-section-height-default wd-section-disabled\" data-id=\"1545b64\" data-element_type=\"section\">\n\t\t\t\t\t\t<div class=\"elementor-container elementor-column-gap-default\">\n\t\t\t\t\t<div class=\"elementor-column elementor-col-100 elementor-top-column elementor-element elementor-element-17655da\" data-id=\"17655da\" data-element_type=\"column\">\n\t\t\t<div class=\"elementor-widget-wrap elementor-element-populated\">\n\t\t\t\t\t\t\t\t<div class=\"elementor-element elementor-element-cba65f3 elementor-widget elementor-widget-wd_product_categories\" data-id=\"cba65f3\" data-element_type=\"widget\" data-widget_type=\"wd_product_categories.default\">\n\t\t\t\t<div class=\"elementor-widget-container\">\n\t\t\t\t\t\t\t\t\t\t\t\t\n\t\t\t\t<div class=\"products woocommerce columns4 categories-style-default row wd-spacing-30\">\n\t\t\t\t\t\t\t\t\t\t\t\n<div class=\"col-md-3 col-sm-4 col-6 first  category-grid-item cat-design-alt categories-with-shadow without-product-count product-category product first\" data-loop=\"1\">\n\t<div class=\"wrapp-category\">\n\t\t<div class=\"category-image-wrapp\">\n\t\t\t<a href=\"https:\/\/eternite.illusionkw.com\/en\/product-category\/%d8%ad%d8%ac%d8%b2-%d8%a8%d9%88%d9%81%d9%8a%d9%87\/\" class=\"category-image\">\n\t\t\t\t\n\t\t\t\t<img loading=\"lazy\" decoding=\"async\" src=\"https:\/\/eternite.illusionkw.com\/wp-content\/uploads\/2024\/03\/75df4c93-73ab-4c01-9629-7163dda175c3.jpeg\" alt=\"\u062d\u062c\u0632 \u0628\u0648\u0641\u064a\u0647\" width=\"1300\" height=\"1300\" \/>\t\t\t<\/a>\n\t\t<\/div>\n\t\t<div class=\"hover-mask\">\n\t\t\t<h3 class=\"wd-entities-title\">\n\t\t\t\tBook a buffet <mark class=\"count\">(6)<\/mark>\t\t\t<\/h3>\n\n\t\t\t\n\t\t\t\t\t<\/div>\n\n\t\t\t\t<a href=\"https:\/\/eternite.illusionkw.com\/en\/product-category\/%d8%ad%d8%ac%d8%b2-%d8%a8%d9%88%d9%81%d9%8a%d9%87\/\" class=\"category-link wd-fill\" aria-label=\"Product category %d8%ad%d8%ac%d8%b2-%d8%a8%d9%88%d9%81%d9%8a%d9%87\"><\/a>\n\t\t\t<\/div>\n<\/div>\n\t\t\t\t\t\t\t\t\t\t\t\n<div class=\"col-md-3 col-sm-4 col-6 category-grid-item cat-design-alt categories-with-shadow without-product-count product-category product\" data-loop=\"2\">\n\t<div class=\"wrapp-category\">\n\t\t<div class=\"category-image-wrapp\">\n\t\t\t<a href=\"https:\/\/eternite.illusionkw.com\/en\/product-category\/%d8%a8%d9%88%d9%81%d9%8a%d9%87-%d8%b1%d9%8a%d9%88%d9%82\/\" class=\"category-image\">\n\t\t\t\t\n\t\t\t\t<img loading=\"lazy\" decoding=\"async\" src=\"https:\/\/eternite.illusionkw.com\/wp-content\/uploads\/2024\/03\/WhatsApp-Image-2024-03-12-at-11.47.02-2.jpeg\" alt=\"\u0628\u0648\u0641\u064a\u0647 \u0631\u064a\u0648\u0642\" width=\"1300\" height=\"1300\" \/>\t\t\t<\/a>\n\t\t<\/div>\n\t\t<div class=\"hover-mask\">\n\t\t\t<h3 class=\"wd-entities-title\">\n\t\t\t\tRyouq buffet <mark class=\"count\">(6)<\/mark>\t\t\t<\/h3>\n\n\t\t\t\n\t\t\t\t\t<\/div>\n\n\t\t\t\t<a href=\"https:\/\/eternite.illusionkw.com\/en\/product-category\/%d8%a8%d9%88%d9%81%d9%8a%d9%87-%d8%b1%d9%8a%d9%88%d9%82\/\" class=\"category-link wd-fill\" aria-label=\"Product category %d8%a8%d9%88%d9%81%d9%8a%d9%87-%d8%b1%d9%8a%d9%88%d9%82\"><\/a>\n\t\t\t<\/div>\n<\/div>\n\t\t\t\t\t\t\t\t\t\t\t\n<div class=\"col-md-3 col-sm-4 col-6 category-grid-item cat-design-alt categories-with-shadow without-product-count product-category product\" data-loop=\"3\">\n\t<div class=\"wrapp-category\">\n\t\t<div class=\"category-image-wrapp\">\n\t\t\t<a href=\"https:\/\/eternite.illusionkw.com\/en\/product-category\/%d8%b5%d9%88%d8%b1-%d8%a7%d9%84%d8%a7%d8%b7%d8%a8%d8%a7%d9%82\/\" class=\"category-image\">\n\t\t\t\t\n\t\t\t\t<img loading=\"lazy\" decoding=\"async\" src=\"https:\/\/eternite.illusionkw.com\/wp-content\/uploads\/2024\/03\/WhatsApp-Image-2024-03-19-at-15.33.52-1.jpeg\" alt=\"\u0635\u0648\u0631 \u0627\u0644\u0627\u0637\u0628\u0627\u0642\" width=\"1300\" height=\"1300\" \/>\t\t\t<\/a>\n\t\t<\/div>\n\t\t<div class=\"hover-mask\">\n\t\t\t<h3 class=\"wd-entities-title\">\n\t\t\t\tDishes\t\t\t<\/h3>\n\n\t\t\t\n\t\t\t\t\t<\/div>\n\n\t\t\t\t<a href=\"https:\/\/eternite.illusionkw.com\/en\/product-category\/%d8%b5%d9%88%d8%b1-%d8%a7%d9%84%d8%a7%d8%b7%d8%a8%d8%a7%d9%82\/\" class=\"category-link wd-fill\" aria-label=\"Product category %d8%b5%d9%88%d8%b1-%d8%a7%d9%84%d8%a7%d8%b7%d8%a8%d8%a7%d9%82\"><\/a>\n\t\t\t<\/div>\n<\/div>\n\t\t\t\t\t\t\t\t\t\t\t\n<div class=\"col-md-3 col-sm-4 col-6 last  category-grid-item cat-design-alt categories-with-shadow without-product-count product-category product last\" data-loop=\"4\">\n\t<div class=\"wrapp-category\">\n\t\t<div class=\"category-image-wrapp\">\n\t\t\t<a href=\"https:\/\/eternite.illusionkw.com\/en\/product-category\/%d9%85%d9%86%d9%8a%d9%88-%d8%a7%d9%84%d8%a7%d8%b7%d8%a8%d8%a7%d9%82\/\" class=\"category-image\">\n\t\t\t\t\n\t\t\t\t<img loading=\"lazy\" decoding=\"async\" src=\"https:\/\/eternite.illusionkw.com\/wp-content\/uploads\/2024\/03\/WhatsApp-Image-2024-03-12-at-11.47.12.jpeg\" alt=\"\u0645\u0646\u064a\u0648 \u0627\u0644\u0627\u0637\u0628\u0627\u0642\" width=\"1300\" height=\"1300\" \/>\t\t\t<\/a>\n\t\t<\/div>\n\t\t<div class=\"hover-mask\">\n\t\t\t<h3 class=\"wd-entities-title\">\n\t\t\t\tMenu\t\t\t<\/h3>\n\n\t\t\t\n\t\t\t\t\t<\/div>\n\n\t\t\t\t<a href=\"https:\/\/eternite.illusionkw.com\/en\/product-category\/%d9%85%d9%86%d9%8a%d9%88-%d8%a7%d9%84%d8%a7%d8%b7%d8%a8%d8%a7%d9%82\/\" class=\"category-link wd-fill\" aria-label=\"Product category %d9%85%d9%86%d9%8a%d9%88-%d8%a7%d9%84%d8%a7%d8%b7%d8%a8%d8%a7%d9%82\"><\/a>\n\t\t\t<\/div>\n<\/div>\n\t\t\t\t\t\t\t\t\t<\/div>\n\t\t\t\t\t\t\t\t\t<\/div>\n\t\t\t\t<\/div>\n\t\t\t\t\t<\/div>\n\t\t<\/div>\n\t\t\t\t\t\t\t<\/div>\n\t\t<\/section>\n\t\t\t\t\t\t\t<\/div>","protected":false},"excerpt":{"rendered":"<p>\u00c9ternit\u00e9 Restaurant \u00c9ternit\u00e9 Restaurant \u062d\u062c\u0632 \u0628\u0648\u0641\u064a\u0647 (6) \u0628\u0648\u0641\u064a\u0647 \u0631\u064a\u0648\u0642 (6) \u0635\u0648\u0631 \u0627\u0644\u0627\u0637\u0628\u0627\u0642 \u0645\u0646\u064a\u0648 \u0627\u0644\u0627\u0637\u0628\u0627\u0642<\/p>","protected":false},"author":1,"featured_media":0,"parent":0,"menu_order":0,"comment_status":"closed","ping_status":"closed","template":"","meta":{"footnotes":""},"_links":{"self":[{"href":"https:\/\/eternite.illusionkw.com\/en\/wp-json\/wp\/v2\/pages\/18"}],"collection":[{"href":"https:\/\/eternite.illusionkw.com\/en\/wp-json\/wp\/v2\/pages"}],"about":[{"href":"https:\/\/eternite.illusionkw.com\/en\/wp-json\/wp\/v2\/types\/page"}],"author":[{"embeddable":true,"href":"https:\/\/eternite.illusionkw.com\/en\/wp-json\/wp\/v2\/users\/1"}],"replies":[{"embeddable":true,"href":"https:\/\/eternite.illusionkw.com\/en\/wp-json\/wp\/v2\/comments?post=18"}],"version-history":[{"count":937,"href":"https:\/\/eternite.illusionkw.com\/en\/wp-json\/wp\/v2\/pages\/18\/revisions"}],"predecessor-version":[{"id":12766,"href":"https:\/\/eternite.illusionkw.com\/en\/wp-json\/wp\/v2\/pages\/18\/revisions\/12766"}],"wp:attachment":[{"href":"https:\/\/eternite.illusionkw.com\/en\/wp-json\/wp\/v2\/media?parent=18"}],"curies":[{"name":"wp","href":"https:\/\/api.w.org\/{rel}","templated":true}]}}